{"id":983,"date":"2025-05-13T11:44:11","date_gmt":"2025-05-13T11:44:11","guid":{"rendered":"https:\/\/stylestash.shop\/?page_id=983"},"modified":"2025-09-24T12:34:58","modified_gmt":"2025-09-24T12:34:58","slug":"comprehensive-home","status":"publish","type":"page","link":"https:\/\/stylestash.shop\/es\/","title":{"rendered":"Inicio integral"},"content":{"rendered":"<div data-elementor-type=\"wp-page\" data-elementor-id=\"983\" class=\"elementor elementor-983\" data-elementor-post-type=\"page\">\n\t\t\t\t<div class=\"elementor-element elementor-element-7c1b0cd e-grid e-con-boxed e-con e-parent\" data-id=\"7c1b0cd\" data-element_type=\"container\" data-settings=\"{&quot;ekit_has_onepagescroll_dot&quot;:&quot;yes&quot;}\">\n\t\t\t\t\t<div class=\"e-con-inner\">\n\t\t\t\t<div class=\"elementor-element elementor-element-fbf08d2 elementor--h-position-center elementor--v-position-middle elementor-arrows-position-inside elementor-pagination-position-inside elementor-widget elementor-widget-slides\" data-id=\"fbf08d2\" data-element_type=\"widget\" data-settings=\"{&quot;navigation&quot;:&quot;both&quot;,&quot;autoplay&quot;:&quot;yes&quot;,&quot;pause_on_hover&quot;:&quot;yes&quot;,&quot;pause_on_interaction&quot;:&quot;yes&quot;,&quot;autoplay_speed&quot;:5000,&quot;infinite&quot;:&quot;yes&quot;,&quot;transition&quot;:&quot;slide&quot;,&quot;transition_speed&quot;:500,&quot;ekit_we_effect_on&quot;:&quot;none&quot;}\" data-widget_type=\"slides.default\">\n\t\t\t\t<div class=\"elementor-widget-container\">\n\t\t\t\t\t\t\t\t\t<div class=\"elementor-swiper\">\n\t\t\t\t\t<div class=\"elementor-slides-wrapper elementor-main-swiper swiper\" role=\"region\" aria-roledescription=\"carousel\" aria-label=\"Diapositivas\" dir=\"ltr\" data-animation=\"fadeInUp\">\n\t\t\t\t<div class=\"swiper-wrapper elementor-slides\">\n\t\t\t\t\t\t\t\t\t\t<div class=\"elementor-repeater-item-edb134d swiper-slide\" role=\"group\" aria-roledescription=\"slide\"><div class=\"swiper-slide-bg\" role=\"img\"><\/div><a class=\"swiper-slide-inner\" href=\"https:\/\/stylestash.shop\/es\/shop-10\/\"><div class=\"swiper-slide-contents\"><div class=\"elementor-slide-heading\">Su ventanilla \u00fanica <br\/>Entrega en tienda<\/div><div class=\"elementor-slide-description\">Explora la electr\u00f3nica,<br\/>art\u00edculos para el hogar y mucho m\u00e1s.<\/div><div  class=\"elementor-button elementor-slide-button elementor-size-sm\">Comprar ahora<\/div><\/div><\/a><\/div>\t\t\t\t<\/div>\n\t\t\t\t\t\t\t<\/div>\n\t\t\t\t<\/div>\n\t\t\t\t\t\t\t\t<\/div>\n\t\t\t\t<\/div>\n\t\t\t\t\t<\/div>\n\t\t\t\t<\/div>\n\t\t<div class=\"elementor-element elementor-element-1f56340 e-flex e-con-boxed e-con e-parent\" data-id=\"1f56340\" data-element_type=\"container\" data-settings=\"{&quot;ekit_has_onepagescroll_dot&quot;:&quot;yes&quot;}\">\n\t\t\t\t\t<div class=\"e-con-inner\">\n\t\t\t\t<div class=\"elementor-element elementor-element-ac15b05 elementor-widget elementor-widget-html\" data-id=\"ac15b05\" data-element_type=\"widget\" data-settings=\"{&quot;ekit_we_effect_on&quot;:&quot;none&quot;}\" data-widget_type=\"html.default\">\n\t\t\t\t<div class=\"elementor-widget-container\">\n\t\t\t\t\t<div class=\"custom-features-wrapper\">\r\n  <div class=\"custom-features\">\r\n    <!-- Free Shipping -->\r\n    <div class=\"feature-box\">\r\n      <div class=\"icon\">\ud83d\ude9a<\/div>\r\n      <h4>Env\u00edo gratuito<\/h4>\r\n      <p>Disfrute de env\u00edo r\u00e1pido y gratuito en todos los pedidos.<\/p>\r\n    <\/div>\r\n\r\n    <!-- Secure Checkout -->\r\n    <div class=\"feature-box\">\r\n      <div class=\"icon\">\ud83d\udee1\ufe0f<\/div>\r\n      <h4>Pago seguro<\/h4>\r\n      <p>Su pago est\u00e1 encriptado y protegido.<\/p>\r\n    <\/div>\r\n\r\n    <!-- 24\/7 Support -->\r\n    <div class=\"feature-box\">\r\n      <div class=\"icon\">\ud83d\udcac<\/div>\r\n      <h4>Asistencia 24\/7<\/h4>\r\n      <p>Estamos aqu\u00ed siempre que necesite gb.<\/p>\r\n    <\/div>\r\n\r\n    <!-- Fast Processing -->\r\n    <div class=\"feature-box\">\r\n      <div class=\"icon\">\ud83d\udd52<\/div>\r\n      <h4>Procesamiento r\u00e1pido<\/h4>\r\n      <p>Los pedidos se embalan y env\u00edan el mismo d\u00eda.<\/p>\r\n    <\/div>\r\n  <\/div>\r\n<\/div>\r\n\r\n<style>\r\n  .custom-features-wrapper {\r\n    background: #EFF0F5;\r\n    padding: 40px 0;\r\n  }\r\n\r\n  .custom-features {\r\n    display: flex;\r\n    flex-wrap: wrap;\r\n    justify-content: center;\r\n    gap: 20px;\r\n    max-width: 960px;\r\n    margin: 0 auto;\r\n  }\r\n\r\n  .feature-box {\r\n    flex: 1 1 180px;\r\n    text-align: center;\r\n    padding: 20px;\r\n  }\r\n\r\n  .feature-box .icon {\r\n    font-size: 36px;\r\n    margin-bottom: 10px;\r\n  }\r\n\r\n  .feature-box h4 {\r\n    margin: 10px 0 5px;\r\n  }\r\n\r\n  .feature-box p {\r\n    font-size: 13px;\r\n    color: #888;\r\n    margin: 0;\r\n  }\r\n<\/style>\t\t\t\t<\/div>\n\t\t\t\t<\/div>\n\t\t\t\t\t<\/div>\n\t\t\t\t<\/div>\n\t\t<div class=\"elementor-element elementor-element-56efd38 e-flex e-con-boxed e-con e-parent\" data-id=\"56efd38\" data-element_type=\"container\" data-settings=\"{&quot;ekit_has_onepagescroll_dot&quot;:&quot;yes&quot;}\">\n\t\t\t\t\t<div class=\"e-con-inner\">\n\t\t\t\t<div class=\"elementor-element elementor-element-c8a7e9c elementor-widget elementor-widget-shortcode\" data-id=\"c8a7e9c\" data-element_type=\"widget\" data-settings=\"{&quot;ekit_we_effect_on&quot;:&quot;none&quot;}\" data-widget_type=\"shortcode.default\">\n\t\t\t\t<div class=\"elementor-widget-container\">\n\t\t\t\t\t\t\t<div class=\"elementor-shortcode\"><div class=\"woocommerce columns-3\"><span class=\"wpfHidden\" data-shortcode-attribute=\"{&quot;limit&quot;:&quot;15&quot;,&quot;columns&quot;:&quot;3&quot;,&quot;rows&quot;:&quot;&quot;,&quot;orderby&quot;:&quot;&quot;,&quot;order&quot;:&quot;&quot;,&quot;ids&quot;:&quot;&quot;,&quot;skus&quot;:&quot;&quot;,&quot;category&quot;:&quot;Home &amp; Living&quot;,&quot;cat_operator&quot;:&quot;IN&quot;,&quot;attribute&quot;:&quot;&quot;,&quot;terms&quot;:&quot;&quot;,&quot;terms_operator&quot;:&quot;IN&quot;,&quot;tag&quot;:&quot;&quot;,&quot;tag_operator&quot;:&quot;IN&quot;,&quot;visibility&quot;:&quot;visible&quot;,&quot;class&quot;:&quot;&quot;,&quot;page&quot;:1,&quot;paginate&quot;:false,&quot;cache&quot;:false}\"><\/span><ul class=\"products columns-3\">\n<li class=\"product type-product post-2360 status-publish first instock product_cat-home-living has-post-thumbnail shipping-taxable purchasable product-type-simple\">\n\t<a href=\"https:\/\/stylestash.shop\/es\/producto\/azan-muslim-night-light-quran-holy-portable-wireless-caixa-de-som-bluetooth-speaker-music-sound-box-blutooth-for-mini-baffle-bright-lamp-koran-home-gift\/\" class=\"woocommerce-LoopProduct-link woocommerce-loop-product__link\"><img fetchpriority=\"high\" decoding=\"async\" width=\"300\" height=\"300\" src=\"https:\/\/stylestash.shop\/wp-content\/uploads\/2025\/11\/19021e06fe3a4085b17f44836589d739tplv-o3syd03w52-resize-webp_800_800-300x300.webp\" class=\"attachment-woocommerce_thumbnail size-woocommerce_thumbnail wvs-archive-product-image\" alt=\"Azan Muslim Night Light Quran Holy Portable Wireless Caixa De Som Bluetooth Speaker Music Sound Box Blutooth For Mini Baffle Bright Lamp Koran Home Gift\" srcset=\"https:\/\/stylestash.shop\/wp-content\/uploads\/2025\/11\/19021e06fe3a4085b17f44836589d739tplv-o3syd03w52-resize-webp_800_800-300x300.webp 300w, https:\/\/stylestash.shop\/wp-content\/uploads\/2025\/11\/19021e06fe3a4085b17f44836589d739tplv-o3syd03w52-resize-webp_800_800-150x150.webp 150w, https:\/\/stylestash.shop\/wp-content\/uploads\/2025\/11\/19021e06fe3a4085b17f44836589d739tplv-o3syd03w52-resize-webp_800_800-768x768.webp 768w, https:\/\/stylestash.shop\/wp-content\/uploads\/2025\/11\/19021e06fe3a4085b17f44836589d739tplv-o3syd03w52-resize-webp_800_800-12x12.webp 12w, https:\/\/stylestash.shop\/wp-content\/uploads\/2025\/11\/19021e06fe3a4085b17f44836589d739tplv-o3syd03w52-resize-webp_800_800-110x110.webp 110w, https:\/\/stylestash.shop\/wp-content\/uploads\/2025\/11\/19021e06fe3a4085b17f44836589d739tplv-o3syd03w52-resize-webp_800_800-60x60.webp 60w, https:\/\/stylestash.shop\/wp-content\/uploads\/2025\/11\/19021e06fe3a4085b17f44836589d739tplv-o3syd03w52-resize-webp_800_800-600x600.webp 600w, https:\/\/stylestash.shop\/wp-content\/uploads\/2025\/11\/19021e06fe3a4085b17f44836589d739tplv-o3syd03w52-resize-webp_800_800-100x100.webp 100w, https:\/\/stylestash.shop\/wp-content\/uploads\/2025\/11\/19021e06fe3a4085b17f44836589d739tplv-o3syd03w52-resize-webp_800_800-50x50.webp 50w, https:\/\/stylestash.shop\/wp-content\/uploads\/2025\/11\/19021e06fe3a4085b17f44836589d739tplv-o3syd03w52-resize-webp_800_800.webp 800w\" sizes=\"(max-width: 300px) 100vw, 300px\" \/><h2 class=\"woocommerce-loop-product__title\">Azan Musulm\u00e1n Luz de Noche Cor\u00e1n Sagrado Port\u00e1til Inal\u00e1mbrico Caixa De Som Altavoz Bluetooth M\u00fasica Caja De Sonido Blutooth Para Mini Baffle L\u00e1mpara Brillante Cor\u00e1n Casa Regalo<\/h2><div class=\"star-rating\" role=\"img\" aria-label=\"Valorado con 4.87 de 5\" data-no-translation-aria-label=\"\"><span style=\"width:97.4%\" data-no-translation=\"\" data-trp-gettext=\"\">Valorado con <strong class=\"rating\">4.87<\/strong> de 5<\/span><\/div>\n\t<span class=\"price\"><span class=\"woocommerce-Price-amount amount\"><bdi><span class=\"woocommerce-Price-currencySymbol\">\u20ac<\/span>&nbsp;5.99<\/bdi><\/span><\/span>\n<\/a><a href=\"?add-to-cart=2360\" aria-describedby=\"woocommerce_loop_add_to_cart_link_describedby_2360\" data-quantity=\"1\" class=\"button product_type_simple add_to_cart_button ajax_add_to_cart\" data-product_id=\"2360\" data-product_sku=\"\" aria-label=\"A\u00f1adir al carrito: \u201cAzan Muslim Night Light Quran Holy Portable Wireless Caixa De Som Bluetooth Speaker Music Sound Box Blutooth For Mini Baffle Bright Lamp Koran Home Gift\u201d\" rel=\"nofollow\" data-success_message=\"\u00abAzan Muslim Night Light Quran Holy Portable Wireless Caixa De Som Bluetooth Speaker Music Sound Box Blutooth For Mini Baffle Bright Lamp Koran Home Gift\u00bb se ha a\u00f1adido a tu carrito\" data-no-translation=\"\" data-trp-gettext=\"\" data-no-translation-aria-label=\"\" data-no-translation-data-success_message=\"\">A\u00f1adir al carrito<\/a>\t<span id=\"woocommerce_loop_add_to_cart_link_describedby_2360\" class=\"screen-reader-text\">\n\t\t\t<\/span>\n<a href=\"https:\/\/stylestash.shop\/es\/checkout\/?buy-now=2360\" data-quantity=\"1\" class=\"wpcbn-btn wpcbn-btn-archive button product_type_simple add_to_cart_button\" data-product_id=\"2360\" rel=\"nofollow\">Buy now<\/a><\/li>\n<li class=\"product type-product post-2383 status-publish instock product_cat-home-living has-post-thumbnail sale shipping-taxable purchasable product-type-simple\">\n\t<a href=\"https:\/\/stylestash.shop\/es\/producto\/prettylittlething-2025-beauty-advent-calendar-worth-206\/\" class=\"woocommerce-LoopProduct-link woocommerce-loop-product__link\">\n\t<span class=\"onsale\" data-no-translation=\"\" data-trp-gettext=\"\">\u00a1Oferta!<\/span>\n\t<img decoding=\"async\" width=\"300\" height=\"300\" src=\"https:\/\/stylestash.shop\/wp-content\/uploads\/2025\/11\/02c1310c0e5c4952bd334d394a071d3atplv-t5fjg24jzw-resize-jpeg_800_800-300x300.jpeg\" class=\"attachment-woocommerce_thumbnail size-woocommerce_thumbnail wvs-archive-product-image\" alt=\"PRETTYLITTLETHING 2025 Beauty Advent Calendar (Worth ??206)\" srcset=\"https:\/\/stylestash.shop\/wp-content\/uploads\/2025\/11\/02c1310c0e5c4952bd334d394a071d3atplv-t5fjg24jzw-resize-jpeg_800_800-300x300.jpeg 300w, https:\/\/stylestash.shop\/wp-content\/uploads\/2025\/11\/02c1310c0e5c4952bd334d394a071d3atplv-t5fjg24jzw-resize-jpeg_800_800-150x150.jpeg 150w, https:\/\/stylestash.shop\/wp-content\/uploads\/2025\/11\/02c1310c0e5c4952bd334d394a071d3atplv-t5fjg24jzw-resize-jpeg_800_800-768x768.jpeg 768w, https:\/\/stylestash.shop\/wp-content\/uploads\/2025\/11\/02c1310c0e5c4952bd334d394a071d3atplv-t5fjg24jzw-resize-jpeg_800_800-110x110.jpeg 110w, https:\/\/stylestash.shop\/wp-content\/uploads\/2025\/11\/02c1310c0e5c4952bd334d394a071d3atplv-t5fjg24jzw-resize-jpeg_800_800-60x60.jpeg 60w, https:\/\/stylestash.shop\/wp-content\/uploads\/2025\/11\/02c1310c0e5c4952bd334d394a071d3atplv-t5fjg24jzw-resize-jpeg_800_800-600x600.jpeg 600w, https:\/\/stylestash.shop\/wp-content\/uploads\/2025\/11\/02c1310c0e5c4952bd334d394a071d3atplv-t5fjg24jzw-resize-jpeg_800_800-100x100.jpeg 100w, https:\/\/stylestash.shop\/wp-content\/uploads\/2025\/11\/02c1310c0e5c4952bd334d394a071d3atplv-t5fjg24jzw-resize-jpeg_800_800-50x50.jpeg 50w, https:\/\/stylestash.shop\/wp-content\/uploads\/2025\/11\/02c1310c0e5c4952bd334d394a071d3atplv-t5fjg24jzw-resize-jpeg_800_800.jpeg 800w\" sizes=\"(max-width: 300px) 100vw, 300px\" \/><h2 class=\"woocommerce-loop-product__title\">PRETTYLITTHING 2025 Calendario de Adviento de Belleza (Valorado en 206\u00a4)<\/h2><div class=\"star-rating\" role=\"img\" aria-label=\"Valorado con 4.87 de 5\" data-no-translation-aria-label=\"\"><span style=\"width:97.4%\" data-no-translation=\"\" data-trp-gettext=\"\">Valorado con <strong class=\"rating\">4.87<\/strong> de 5<\/span><\/div>\n\t<span class=\"price\"><del aria-hidden=\"true\"><span class=\"woocommerce-Price-amount amount\"><bdi><span class=\"woocommerce-Price-currencySymbol\">\u20ac<\/span>&nbsp;15.99<\/bdi><\/span><\/del> <span class=\"screen-reader-text\" data-no-translation=\"\" data-trp-gettext=\"\">El precio original era: &euro;&nbsp;15.99.<\/span><ins aria-hidden=\"true\"><span class=\"woocommerce-Price-amount amount\"><bdi><span class=\"woocommerce-Price-currencySymbol\">\u20ac<\/span>&nbsp;3.99<\/bdi><\/span><\/ins><span class=\"screen-reader-text\" data-no-translation=\"\" data-trp-gettext=\"\">El precio actual es: &euro;&nbsp;3.99.<\/span><\/span>\n<\/a><a href=\"?add-to-cart=2383\" aria-describedby=\"woocommerce_loop_add_to_cart_link_describedby_2383\" data-quantity=\"1\" class=\"button product_type_simple add_to_cart_button ajax_add_to_cart\" data-product_id=\"2383\" data-product_sku=\"\" aria-label=\"A\u00f1adir al carrito: \u201cPRETTYLITTLETHING 2025 Beauty Advent Calendar (Worth ??206)\u201d\" rel=\"nofollow\" data-success_message=\"\u00abPRETTYLITTLETHING 2025 Beauty Advent Calendar (Worth ??206)\u00bb se ha a\u00f1adido a tu carrito\" data-no-translation=\"\" data-trp-gettext=\"\" data-no-translation-aria-label=\"\" data-no-translation-data-success_message=\"\">A\u00f1adir al carrito<\/a>\t<span id=\"woocommerce_loop_add_to_cart_link_describedby_2383\" class=\"screen-reader-text\">\n\t\t\t<\/span>\n<a href=\"https:\/\/stylestash.shop\/es\/checkout\/?buy-now=2383\" data-quantity=\"1\" class=\"wpcbn-btn wpcbn-btn-archive button product_type_simple add_to_cart_button\" data-product_id=\"2383\" rel=\"nofollow\">Buy now<\/a><\/li>\n<\/ul>\n<\/div><\/div>\n\t\t\t\t\t\t<\/div>\n\t\t\t\t<\/div>\n\t\t\t\t\t<\/div>\n\t\t\t\t<\/div>\n\t\t\t\t<\/div>","protected":false},"excerpt":{"rendered":"<p>Your One-Stop Shop DeliveredExplore electronics,home goods, and more.Shop Now \ud83d\ude9a Env\u00edo gratuito Disfrute de env\u00edo r\u00e1pido y gratuito en todos los pedidos. \ud83d\udee1\ufe0f Pago Seguro Tu pago est\u00e1 encriptado y protegido. \ud83d\udcac Soporte 24\/7 Estamos aqu\u00ed siempre que necesites gb. \ud83d\udd52 Procesamiento R\u00e1pido Los pedidos se empaquetan y env\u00edan el mismo d\u00eda.<\/p>","protected":false},"author":1,"featured_media":0,"parent":0,"menu_order":0,"comment_status":"closed","ping_status":"closed","template":"","meta":{"_acf_changed":false,"footnotes":""},"class_list":["post-983","page","type-page","status-publish","hentry"],"acf":[],"_hostinger_reach_plugin_has_subscription_block":false,"_hostinger_reach_plugin_is_elementor":false,"_links":{"self":[{"href":"https:\/\/stylestash.shop\/es\/wp-json\/wp\/v2\/pages\/983","targetHints":{"allow":["GET"]}}],"collection":[{"href":"https:\/\/stylestash.shop\/es\/wp-json\/wp\/v2\/pages"}],"about":[{"href":"https:\/\/stylestash.shop\/es\/wp-json\/wp\/v2\/types\/page"}],"author":[{"embeddable":true,"href":"https:\/\/stylestash.shop\/es\/wp-json\/wp\/v2\/users\/1"}],"replies":[{"embeddable":true,"href":"https:\/\/stylestash.shop\/es\/wp-json\/wp\/v2\/comments?post=983"}],"version-history":[{"count":0,"href":"https:\/\/stylestash.shop\/es\/wp-json\/wp\/v2\/pages\/983\/revisions"}],"wp:attachment":[{"href":"https:\/\/stylestash.shop\/es\/wp-json\/wp\/v2\/media?parent=983"}],"curies":[{"name":"wp","href":"https:\/\/api.w.org\/{rel}","templated":true}]}}