{"id":2343,"date":"2025-10-11T05:46:10","date_gmt":"2025-10-11T05:46:10","guid":{"rendered":"https:\/\/stylestash.shop\/?post_type=product&#038;p=2343"},"modified":"2025-10-14T13:19:27","modified_gmt":"2025-10-14T13:19:27","slug":"urzante-aceite-de-oliva-virgen-extra-5-litros-calidad-premium-sabor-intenso","status":"publish","type":"product","link":"https:\/\/stylestash.shop\/es\/producto\/urzante-aceite-de-oliva-virgen-extra-5-litros-calidad-premium-sabor-intenso\/","title":{"rendered":"Urzante Aceite de Oliva Virgen Extra 5 Litros, Calidad Premium, Sabor Intenso"},"content":{"rendered":"<p><img fetchpriority=\"high\" decoding=\"async\" src=\"https:\/\/newbotay.shop\/wp-content\/uploads\/2025\/09\/7c3726e27ba24f1298f3064e10c198d1tplv-tulkllf4y5-resize-webp_800_1061-1.webp\" sizes=\"(max-width: 754px) 100vw, 754px\" srcset=\"https:\/\/newbotay.shop\/wp-content\/uploads\/2025\/09\/7c3726e27ba24f1298f3064e10c198d1tplv-tulkllf4y5-resize-webp_800_1061-1.webp 754w, https:\/\/newbotay.shop\/wp-content\/uploads\/2025\/09\/7c3726e27ba24f1298f3064e10c198d1tplv-tulkllf4y5-resize-webp_800_1061-1-226x300.webp 226w, https:\/\/newbotay.shop\/wp-content\/uploads\/2025\/09\/7c3726e27ba24f1298f3064e10c198d1tplv-tulkllf4y5-resize-webp_800_1061-1-9x12.webp 9w, https:\/\/newbotay.shop\/wp-content\/uploads\/2025\/09\/7c3726e27ba24f1298f3064e10c198d1tplv-tulkllf4y5-resize-webp_800_1061-1-60x80.webp 60w, https:\/\/newbotay.shop\/wp-content\/uploads\/2025\/09\/7c3726e27ba24f1298f3064e10c198d1tplv-tulkllf4y5-resize-webp_800_1061-1-110x146.webp 110w, https:\/\/newbotay.shop\/wp-content\/uploads\/2025\/09\/7c3726e27ba24f1298f3064e10c198d1tplv-tulkllf4y5-resize-webp_800_1061-1-600x796.webp 600w, https:\/\/newbotay.shop\/wp-content\/uploads\/2025\/09\/7c3726e27ba24f1298f3064e10c198d1tplv-tulkllf4y5-resize-webp_800_1061-1-130x172.webp 130w\" alt=\"\" width=\"754\" height=\"1000\" \/><br \/>\n<img decoding=\"async\" src=\"https:\/\/newbotay.shop\/wp-content\/uploads\/2025\/09\/42d3abda700247f992ecf41018f9cf7ftplv-t5fjg24jzw-resize-webp_800_800-1.webp\" sizes=\"(max-width: 750px) 100vw, 750px\" srcset=\"https:\/\/newbotay.shop\/wp-content\/uploads\/2025\/09\/42d3abda700247f992ecf41018f9cf7ftplv-t5fjg24jzw-resize-webp_800_800-1.webp 750w, https:\/\/newbotay.shop\/wp-content\/uploads\/2025\/09\/42d3abda700247f992ecf41018f9cf7ftplv-t5fjg24jzw-resize-webp_800_800-1-300x300.webp 300w, https:\/\/newbotay.shop\/wp-content\/uploads\/2025\/09\/42d3abda700247f992ecf41018f9cf7ftplv-t5fjg24jzw-resize-webp_800_800-1-150x150.webp 150w, https:\/\/newbotay.shop\/wp-content\/uploads\/2025\/09\/42d3abda700247f992ecf41018f9cf7ftplv-t5fjg24jzw-resize-webp_800_800-1-12x12.webp 12w, https:\/\/newbotay.shop\/wp-content\/uploads\/2025\/09\/42d3abda700247f992ecf41018f9cf7ftplv-t5fjg24jzw-resize-webp_800_800-1-60x60.webp 60w, https:\/\/newbotay.shop\/wp-content\/uploads\/2025\/09\/42d3abda700247f992ecf41018f9cf7ftplv-t5fjg24jzw-resize-webp_800_800-1-110x110.webp 110w, https:\/\/newbotay.shop\/wp-content\/uploads\/2025\/09\/42d3abda700247f992ecf41018f9cf7ftplv-t5fjg24jzw-resize-webp_800_800-1-600x600.webp 600w, https:\/\/newbotay.shop\/wp-content\/uploads\/2025\/09\/42d3abda700247f992ecf41018f9cf7ftplv-t5fjg24jzw-resize-webp_800_800-1-130x130.webp 130w\" alt=\"\" width=\"750\" height=\"750\" \/><br \/>\n<img decoding=\"async\" src=\"https:\/\/newbotay.shop\/wp-content\/uploads\/2025\/09\/188f955c5e68466ca305ff21873afcc6tplv-t5fjg24jzw-resize-webp_800_800-1.webp\" sizes=\"(max-width: 750px) 100vw, 750px\" srcset=\"https:\/\/newbotay.shop\/wp-content\/uploads\/2025\/09\/188f955c5e68466ca305ff21873afcc6tplv-t5fjg24jzw-resize-webp_800_800-1.webp 750w, https:\/\/newbotay.shop\/wp-content\/uploads\/2025\/09\/188f955c5e68466ca305ff21873afcc6tplv-t5fjg24jzw-resize-webp_800_800-1-300x300.webp 300w, https:\/\/newbotay.shop\/wp-content\/uploads\/2025\/09\/188f955c5e68466ca305ff21873afcc6tplv-t5fjg24jzw-resize-webp_800_800-1-150x150.webp 150w, https:\/\/newbotay.shop\/wp-content\/uploads\/2025\/09\/188f955c5e68466ca305ff21873afcc6tplv-t5fjg24jzw-resize-webp_800_800-1-12x12.webp 12w, https:\/\/newbotay.shop\/wp-content\/uploads\/2025\/09\/188f955c5e68466ca305ff21873afcc6tplv-t5fjg24jzw-resize-webp_800_800-1-60x60.webp 60w, https:\/\/newbotay.shop\/wp-content\/uploads\/2025\/09\/188f955c5e68466ca305ff21873afcc6tplv-t5fjg24jzw-resize-webp_800_800-1-110x110.webp 110w, https:\/\/newbotay.shop\/wp-content\/uploads\/2025\/09\/188f955c5e68466ca305ff21873afcc6tplv-t5fjg24jzw-resize-webp_800_800-1-600x600.webp 600w, https:\/\/newbotay.shop\/wp-content\/uploads\/2025\/09\/188f955c5e68466ca305ff21873afcc6tplv-t5fjg24jzw-resize-webp_800_800-1-130x130.webp 130w\" alt=\"\" width=\"750\" height=\"750\" \/><br \/>\n<img loading=\"lazy\" decoding=\"async\" src=\"https:\/\/newbotay.shop\/wp-content\/uploads\/2025\/09\/672cb72e129748938c6ef8d545ff6076tplv-t5fjg24jzw-resize-webp_800_800-1.webp\" sizes=\"(max-width: 750px) 100vw, 750px\" srcset=\"https:\/\/newbotay.shop\/wp-content\/uploads\/2025\/09\/672cb72e129748938c6ef8d545ff6076tplv-t5fjg24jzw-resize-webp_800_800-1.webp 750w, https:\/\/newbotay.shop\/wp-content\/uploads\/2025\/09\/672cb72e129748938c6ef8d545ff6076tplv-t5fjg24jzw-resize-webp_800_800-1-300x300.webp 300w, https:\/\/newbotay.shop\/wp-content\/uploads\/2025\/09\/672cb72e129748938c6ef8d545ff6076tplv-t5fjg24jzw-resize-webp_800_800-1-150x150.webp 150w, https:\/\/newbotay.shop\/wp-content\/uploads\/2025\/09\/672cb72e129748938c6ef8d545ff6076tplv-t5fjg24jzw-resize-webp_800_800-1-12x12.webp 12w, https:\/\/newbotay.shop\/wp-content\/uploads\/2025\/09\/672cb72e129748938c6ef8d545ff6076tplv-t5fjg24jzw-resize-webp_800_800-1-60x60.webp 60w, https:\/\/newbotay.shop\/wp-content\/uploads\/2025\/09\/672cb72e129748938c6ef8d545ff6076tplv-t5fjg24jzw-resize-webp_800_800-1-110x110.webp 110w, https:\/\/newbotay.shop\/wp-content\/uploads\/2025\/09\/672cb72e129748938c6ef8d545ff6076tplv-t5fjg24jzw-resize-webp_800_800-1-600x600.webp 600w, https:\/\/newbotay.shop\/wp-content\/uploads\/2025\/09\/672cb72e129748938c6ef8d545ff6076tplv-t5fjg24jzw-resize-webp_800_800-1-130x130.webp 130w\" alt=\"\" width=\"750\" height=\"750\" \/><\/p>\n<p>\u2705100% Aceite de oliva virgen extra<br \/>\n\u2705 Prensado en fr\u00edo para obtener el m\u00e1ximo sabor y nutrici\u00f3n.<br \/>\n\u2705 Generoso tama\u00f1o de 5 litros, perfecto para uso dom\u00e9stico y profesional<br \/>\n\u2705 Lata con cierre para mantener la frescura<br \/>\n\u2705 Importado de Espa\u00f1a para un sabor aut\u00e9ntico<\/p>","protected":false},"excerpt":{"rendered":"<p>\u2705100% Aceite de Oliva Virgen Extra \u2705 Prensado en fr\u00edo para obtener el m\u00e1ximo sabor y nutrici\u00f3n \u2705 Generoso tama\u00f1o de 5L - perfecto para uso dom\u00e9stico y profesional \u2705 Lata con cierre para mantener la frescura \u2705 Importado de Espa\u00f1a para un sabor aut\u00e9ntico<\/p>","protected":false},"featured_media":2344,"comment_status":"open","ping_status":"closed","template":"","meta":{"_acf_changed":false},"product_brand":[],"product_cat":[55],"product_tag":[],"class_list":{"0":"post-2343","1":"product","2":"type-product","3":"status-publish","4":"has-post-thumbnail","6":"product_cat-best-seller","8":"first","9":"instock","10":"shipping-taxable","11":"purchasable","12":"product-type-simple"},"acf":[],"_links":{"self":[{"href":"https:\/\/stylestash.shop\/es\/wp-json\/wp\/v2\/product\/2343","targetHints":{"allow":["GET"]}}],"collection":[{"href":"https:\/\/stylestash.shop\/es\/wp-json\/wp\/v2\/product"}],"about":[{"href":"https:\/\/stylestash.shop\/es\/wp-json\/wp\/v2\/types\/product"}],"replies":[{"embeddable":true,"href":"https:\/\/stylestash.shop\/es\/wp-json\/wp\/v2\/comments?post=2343"}],"version-history":[{"count":0,"href":"https:\/\/stylestash.shop\/es\/wp-json\/wp\/v2\/product\/2343\/revisions"}],"wp:featuredmedia":[{"embeddable":true,"href":"https:\/\/stylestash.shop\/es\/wp-json\/wp\/v2\/media\/2344"}],"wp:attachment":[{"href":"https:\/\/stylestash.shop\/es\/wp-json\/wp\/v2\/media?parent=2343"}],"wp:term":[{"taxonomy":"product_brand","embeddable":true,"href":"https:\/\/stylestash.shop\/es\/wp-json\/wp\/v2\/product_brand?post=2343"},{"taxonomy":"product_cat","embeddable":true,"href":"https:\/\/stylestash.shop\/es\/wp-json\/wp\/v2\/product_cat?post=2343"},{"taxonomy":"product_tag","embeddable":true,"href":"https:\/\/stylestash.shop\/es\/wp-json\/wp\/v2\/product_tag?post=2343"}],"curies":[{"name":"wp","href":"https:\/\/api.w.org\/{rel}","templated":true}]}}