{"id":2372,"date":"2025-11-18T06:26:48","date_gmt":"2025-11-18T06:26:48","guid":{"rendered":"https:\/\/stylestash.shop\/?post_type=product&#038;p=2372"},"modified":"2025-11-18T06:28:33","modified_gmt":"2025-11-18T06:28:33","slug":"mini-jamon-curado-con-pack-de-accesorios","status":"publish","type":"product","link":"https:\/\/stylestash.shop\/es\/producto\/mini-jamon-curado-con-pack-de-accesorios\/","title":{"rendered":"Mini Jam\u00f3n Curado con pack de accesorios"},"content":{"rendered":"<p><img fetchpriority=\"high\" decoding=\"async\" src=\"https:\/\/newbotay.shop\/wp-content\/uploads\/2025\/11\/35428a15075e4a4b835c9f22869c44fetplv-t5fjg24jzw-resize-jpeg_800_800-1.jpeg\" sizes=\"(max-width: 600px) 100vw, 600px\" srcset=\"https:\/\/newbotay.shop\/wp-content\/uploads\/2025\/11\/35428a15075e4a4b835c9f22869c44fetplv-t5fjg24jzw-resize-jpeg_800_800-1.jpeg 600w, https:\/\/newbotay.shop\/wp-content\/uploads\/2025\/11\/35428a15075e4a4b835c9f22869c44fetplv-t5fjg24jzw-resize-jpeg_800_800-1-300x300.jpeg 300w, https:\/\/newbotay.shop\/wp-content\/uploads\/2025\/11\/35428a15075e4a4b835c9f22869c44fetplv-t5fjg24jzw-resize-jpeg_800_800-1-150x150.jpeg 150w, https:\/\/newbotay.shop\/wp-content\/uploads\/2025\/11\/35428a15075e4a4b835c9f22869c44fetplv-t5fjg24jzw-resize-jpeg_800_800-1-12x12.jpeg 12w, https:\/\/newbotay.shop\/wp-content\/uploads\/2025\/11\/35428a15075e4a4b835c9f22869c44fetplv-t5fjg24jzw-resize-jpeg_800_800-1-60x60.jpeg 60w, https:\/\/newbotay.shop\/wp-content\/uploads\/2025\/11\/35428a15075e4a4b835c9f22869c44fetplv-t5fjg24jzw-resize-jpeg_800_800-1-110x110.jpeg 110w, https:\/\/newbotay.shop\/wp-content\/uploads\/2025\/11\/35428a15075e4a4b835c9f22869c44fetplv-t5fjg24jzw-resize-jpeg_800_800-1-130x130.jpeg 130w\" alt=\"\" width=\"600\" height=\"600\" \/><br \/>\n<img decoding=\"async\" src=\"https:\/\/newbotay.shop\/wp-content\/uploads\/2025\/11\/81cPK3QkSYL._AC_SL1200_-1-1024x1024.jpg\" sizes=\"(max-width: 1024px) 100vw, 1024px\" srcset=\"https:\/\/newbotay.shop\/wp-content\/uploads\/2025\/11\/81cPK3QkSYL._AC_SL1200_-1-1024x1024.jpg 1024w, https:\/\/newbotay.shop\/wp-content\/uploads\/2025\/11\/81cPK3QkSYL._AC_SL1200_-1-300x300.jpg 300w, https:\/\/newbotay.shop\/wp-content\/uploads\/2025\/11\/81cPK3QkSYL._AC_SL1200_-1-150x150.jpg 150w, https:\/\/newbotay.shop\/wp-content\/uploads\/2025\/11\/81cPK3QkSYL._AC_SL1200_-1-768x768.jpg 768w, https:\/\/newbotay.shop\/wp-content\/uploads\/2025\/11\/81cPK3QkSYL._AC_SL1200_-1-12x12.jpg 12w, https:\/\/newbotay.shop\/wp-content\/uploads\/2025\/11\/81cPK3QkSYL._AC_SL1200_-1-60x60.jpg 60w, https:\/\/newbotay.shop\/wp-content\/uploads\/2025\/11\/81cPK3QkSYL._AC_SL1200_-1-110x110.jpg 110w, https:\/\/newbotay.shop\/wp-content\/uploads\/2025\/11\/81cPK3QkSYL._AC_SL1200_-1-600x600.jpg 600w, https:\/\/newbotay.shop\/wp-content\/uploads\/2025\/11\/81cPK3QkSYL._AC_SL1200_-1-130x130.jpg 130w, https:\/\/newbotay.shop\/wp-content\/uploads\/2025\/11\/81cPK3QkSYL._AC_SL1200_-1.jpg 1200w\" alt=\"\" width=\"1024\" height=\"1024\" \/><br \/>\n<img decoding=\"async\" src=\"https:\/\/newbotay.shop\/wp-content\/uploads\/2025\/11\/71w8HVuBWNL._AC_SL1200_-1-1024x1024.jpg\" sizes=\"(max-width: 1024px) 100vw, 1024px\" srcset=\"https:\/\/newbotay.shop\/wp-content\/uploads\/2025\/11\/71w8HVuBWNL._AC_SL1200_-1-1024x1024.jpg 1024w, https:\/\/newbotay.shop\/wp-content\/uploads\/2025\/11\/71w8HVuBWNL._AC_SL1200_-1-300x300.jpg 300w, https:\/\/newbotay.shop\/wp-content\/uploads\/2025\/11\/71w8HVuBWNL._AC_SL1200_-1-150x150.jpg 150w, https:\/\/newbotay.shop\/wp-content\/uploads\/2025\/11\/71w8HVuBWNL._AC_SL1200_-1-768x768.jpg 768w, https:\/\/newbotay.shop\/wp-content\/uploads\/2025\/11\/71w8HVuBWNL._AC_SL1200_-1-12x12.jpg 12w, https:\/\/newbotay.shop\/wp-content\/uploads\/2025\/11\/71w8HVuBWNL._AC_SL1200_-1-60x60.jpg 60w, https:\/\/newbotay.shop\/wp-content\/uploads\/2025\/11\/71w8HVuBWNL._AC_SL1200_-1-110x110.jpg 110w, https:\/\/newbotay.shop\/wp-content\/uploads\/2025\/11\/71w8HVuBWNL._AC_SL1200_-1-600x600.jpg 600w, https:\/\/newbotay.shop\/wp-content\/uploads\/2025\/11\/71w8HVuBWNL._AC_SL1200_-1-130x130.jpg 130w, https:\/\/newbotay.shop\/wp-content\/uploads\/2025\/11\/71w8HVuBWNL._AC_SL1200_-1.jpg 1200w\" alt=\"\" width=\"1024\" height=\"1024\" \/><\/p>\n<ul>\n<li>\ud83c\uddea\ud83c\uddf8 Aut\u00e9ntico Jam\u00f3n Serrano Espa\u00f1ol - Pieza Gourmet de 1kg: Disfrute del aut\u00e9ntico sabor de Espa\u00f1a con este jam\u00f3n serrano tradicional, curado cuidadosamente durante meses en secaderos naturales. Su sabor delicado pero rico y su textura suave lo hacen perfecto para tapas, tablas para compartir y tablas de embutidos.<\/li>\n<li>Set completo: soporte para jam\u00f3n y cuchillo incluidos: Viene con un robusto jamonero de madera y un afilado cuchillo de trinchar para que puedas cortar como un profesional. Tanto si prefieres las lonchas cortadas a mano como si prefieres los cortes finos para las tapas, con este set te resultar\u00e1 muy f\u00e1cil servir aut\u00e9ntico jam\u00f3n espa\u00f1ol en casa.<\/li>\n<li>\ud83c\udf81 Regalo perfecto para los amantes de la comida: Bellamente empaquetado en una caja de presentaci\u00f3n premium, este mini set de jam\u00f3n es un regalo inolvidable para Navidad, cumplea\u00f1os, fiestas de inauguraci\u00f3n o eventos gourmet. Ideal para cualquier persona que disfrute de los sabores mediterr\u00e1neos y de un entretenimiento elegante.<\/li>\n<\/ul>","protected":false},"excerpt":{"rendered":"<p>\ud83c\uddea\ud83c\uddf8 Aut\u00e9ntico Jam\u00f3n Serrano Espa\u00f1ol - Pieza Gourmet de 1kg: Disfrute del aut\u00e9ntico sabor de Espa\u00f1a con este jam\u00f3n serrano tradicional, curado cuidadosamente durante meses en secaderos naturales. Su sabor delicado pero rico y su textura suave lo hacen perfecto para tapas, tablas para compartir y tablas de embutidos. \ud83d\udd2a Set Completo - Jamonero y Cuchillo Incluidos: Viene [...]<\/p>","protected":false},"featured_media":2373,"comment_status":"open","ping_status":"closed","template":"","meta":{"_acf_changed":false},"product_brand":[],"product_cat":[55],"product_tag":[],"class_list":{"0":"post-2372","1":"product","2":"type-product","3":"status-publish","4":"has-post-thumbnail","6":"product_cat-best-seller","8":"first","9":"instock","10":"sale","11":"shipping-taxable","12":"purchasable","13":"product-type-simple"},"acf":[],"_links":{"self":[{"href":"https:\/\/stylestash.shop\/es\/wp-json\/wp\/v2\/product\/2372","targetHints":{"allow":["GET"]}}],"collection":[{"href":"https:\/\/stylestash.shop\/es\/wp-json\/wp\/v2\/product"}],"about":[{"href":"https:\/\/stylestash.shop\/es\/wp-json\/wp\/v2\/types\/product"}],"replies":[{"embeddable":true,"href":"https:\/\/stylestash.shop\/es\/wp-json\/wp\/v2\/comments?post=2372"}],"version-history":[{"count":0,"href":"https:\/\/stylestash.shop\/es\/wp-json\/wp\/v2\/product\/2372\/revisions"}],"wp:featuredmedia":[{"embeddable":true,"href":"https:\/\/stylestash.shop\/es\/wp-json\/wp\/v2\/media\/2373"}],"wp:attachment":[{"href":"https:\/\/stylestash.shop\/es\/wp-json\/wp\/v2\/media?parent=2372"}],"wp:term":[{"taxonomy":"product_brand","embeddable":true,"href":"https:\/\/stylestash.shop\/es\/wp-json\/wp\/v2\/product_brand?post=2372"},{"taxonomy":"product_cat","embeddable":true,"href":"https:\/\/stylestash.shop\/es\/wp-json\/wp\/v2\/product_cat?post=2372"},{"taxonomy":"product_tag","embeddable":true,"href":"https:\/\/stylestash.shop\/es\/wp-json\/wp\/v2\/product_tag?post=2372"}],"curies":[{"name":"wp","href":"https:\/\/api.w.org\/{rel}","templated":true}]}}